{"id":33484,"date":"2022-12-05T12:20:52","date_gmt":"2022-12-05T11:20:52","guid":{"rendered":"https:\/\/pecs.hu\/?page_id=33484"},"modified":"2026-01-09T09:01:43","modified_gmt":"2026-01-09T08:01:43","slug":"home","status":"publish","type":"page","link":"https:\/\/pecs.hu\/en\/","title":{"rendered":"Home"},"content":{"rendered":"<section id=\"useful-links-block_fee942680ae1edaf00ab224d0c0d581f\"class=\"block block-useful-links alignwide\" >\n  \n  \n  <div class=\"row\">\n                <div class=\"col-md-4 mb-10px mb-md-30px\">\n        <a href=\"https:\/\/pecs.hu\/en\/doctor-search\/\" target=\"_blank\" class=\"block-useful-links__link\">\n        <em class=\"icon yco-acf-pecs-egeszseg\"><\/em>\n                  <h2 class=\"block__title h5\">Doctor search<\/h2>\n                <\/a>\n      <\/div>\n                <div class=\"col-md-4 mb-10px mb-md-30px\">\n        <a href=\"https:\/\/pecs.hu\/en\/e-ugyintezes\/\" target=\"_blank\" class=\"block-useful-links__link\">\n        <em class=\"icon yco-acf-pecs-fedezd_fel\"><\/em>\n                  <h2 class=\"block__title h5\">Online administration<\/h2>\n                <\/a>\n      <\/div>\n                <div class=\"col-md-4 mb-10px mb-md-30px\">\n        <a href=\"https:\/\/pecs.hu\/en\/local\/representative-search\/\" target=\"_blank\" class=\"block-useful-links__link\">\n        <em class=\"icon yco-acf-pecs-invest_in_pecs\"><\/em>\n                  <h2 class=\"block__title h5\">Representative search <\/h2>\n                <\/a>\n      <\/div>\n                <div class=\"col-md-4 mb-10px mb-md-30px\">\n        <a href=\"https:\/\/pecs.hu\/en\/szechenyi-ter-webkamera\/\" target=\"_blank\" class=\"block-useful-links__link\">\n        <em class=\"icon yco-acf-pecs-fedezd_fel\"><\/em>\n                  <h2 class=\"block__title h5\">Webcam<\/h2>\n                <\/a>\n      <\/div>\n                <div class=\"col-md-4 mb-10px mb-md-30px\">\n        <a href=\"https:\/\/pecs.hu\/en\/accessible-pecs-pecs-for-all\/\" target=\"_blank\" class=\"block-useful-links__link\">\n        <em class=\"icon yco-acf-pecs-akadalymentes\"><\/em>\n                  <h2 class=\"block__title h5\">Accessible P\u00e9cs: P\u00e9cs for All <\/h2>\n                <\/a>\n      <\/div>\n      <\/div>\n<\/section>\n\n\n\n<section id=\"carousel-gallery-block_21f827979db6040385b392ffc6318512\"class=\"block block-carousel-gallery alignwide\" >\n  \n      <div class=\"tinymce mb-40px\">\n      <h1>P\u00e9cs Design<\/h1>\n<h2 class=\"h3\">Choose to your heart\u2019s content from the products of the design workshops in P\u00e9cs!<\/h2>\n<p>We are presenting the works of designers from P\u00e9cs working with various symbols of the city, iconic buildings and elements courtesy of three P\u00e9cs Design stores. By clicking on the picture, you will find the shops and webshops where you can find an even wider selection of unique products.<\/p>\n\n    <\/div>\n    <div class=\"carousel-gallery carousel CarouselGallery\">\n                        <a class=\"carousel-gallery__item carousel__item\" href=\"https:\/\/pecs.hu\/en\/design-patika\/\" target=\"_blank\"><picture><source media=\"(max-width: 767px)\" srcset=\"https:\/\/pecs.hu\/app\/uploads\/2021\/08\/dsc01387.jpg\"><img decoding=\"async\" src=\"https:\/\/pecs.hu\/app\/uploads\/2021\/08\/dsc01387.jpg\" alt=\"\" class=\"carousel-gallery__item carousel__item\"\/><\/picture><\/a>\n                              <a class=\"carousel-gallery__item carousel__item\" href=\"https:\/\/pecs.hu\/en\/design-patika\/\" target=\"_blank\"><picture><source media=\"(max-width: 767px)\" srcset=\"https:\/\/pecs.hu\/app\/uploads\/2021\/08\/fb-img-1664356447975.jpg\"><img decoding=\"async\" src=\"https:\/\/pecs.hu\/app\/uploads\/2021\/08\/fb-img-1664356447975.jpg\" alt=\"\" class=\"carousel-gallery__item carousel__item\"\/><\/picture><\/a>\n                              <a class=\"carousel-gallery__item carousel__item\" href=\"https:\/\/pecs.hu\/en\/design-patika\/\" target=\"_blank\"><picture><source media=\"(max-width: 767px)\" srcset=\"https:\/\/pecs.hu\/app\/uploads\/2021\/08\/received-384620256941508.jpeg\"><img decoding=\"async\" src=\"https:\/\/pecs.hu\/app\/uploads\/2021\/08\/received-384620256941508.jpeg\" alt=\"\" class=\"carousel-gallery__item carousel__item\"\/><\/picture><\/a>\n            <\/div>\n<\/section>\n\n\n<section id=\"image-and-text-block_10aee61ef63746e4e97f288bde80c3a3\"class=\"block block-image-and-text  pb-0 pb-md-120px pt-lg-0 image-and-text alignwide\" >\n    \n    <div class=\"image-and-text__content\">\n      <h1>Mayor&#8217;s Welcome<\/h1>\n<p>&nbsp;<\/p>\n<p>To support the smart city efforts of P\u00e9cs, we have revamped the website of the City of P\u00e9cs. The new website, with its image and modern content worthy of the City of Culture, will not only serve the convenience of the people of P\u00e9cs, but also of the tourists visiting the city, the students studying here and the investors interested in our city.<\/p>\n<p>Our goal is to provide visitors with access to all information about the city with modern digital content. I am sure that you will find what you are looking for about P\u00e9cs on the site and I hope that you will find the new website worthy of our city.<\/p>\n<p>I wish you a meaningful and entertaining browsing of our pages, in the hope that you will return here regularly later and stay in touch with our city.<\/p>\n<p><em>Attila P\u00e9terffy<\/em><\/p>\n<p><i>Mayor of P\u00e9cs<\/i><\/p>\n\n    <\/div>\n    <div class=\"image-and-text__image \">\n       <img decoding=\"async\" width=\"848\" height=\"480\" src=\"https:\/\/pecs.hu\/app\/uploads\/2021\/08\/polgarmester.png\" class=\"attachment-full size-full\" alt=\"P\u00e9terffy Attila P\u00e9cs V\u00e1ros polg\u00e1rmestere\" srcset=\"https:\/\/pecs.hu\/app\/uploads\/2021\/08\/polgarmester.png 848w, https:\/\/pecs.hu\/app\/uploads\/2021\/08\/polgarmester-300x170.png 300w, https:\/\/pecs.hu\/app\/uploads\/2021\/08\/polgarmester-768x435.png 768w\" sizes=\"(max-width: 848px) 100vw, 848px\" \/>\n    <\/div>\n<\/section>\n","protected":false},"excerpt":{"rendered":"","protected":false},"author":13,"featured_media":66476,"parent":0,"menu_order":0,"comment_status":"closed","ping_status":"closed","template":"views\/front-page.blade.php","meta":{"_acf_changed":false,"footnotes":""},"usertype":[],"class_list":["post-33484","page","type-page","status-publish","has-post-thumbnail","hentry","post-variant","post-variant--default"],"acf":[],"publishpress_future_action":{"enabled":false,"date":"2026-04-11 14:16:23","action":"change-status","newStatus":"draft","terms":[],"taxonomy":"usertype","extraData":[]},"publishpress_future_workflow_manual_trigger":{"enabledWorkflows":[]},"_links":{"self":[{"href":"https:\/\/pecs.hu\/en\/wp-json\/wp\/v2\/pages\/33484","targetHints":{"allow":["GET"]}}],"collection":[{"href":"https:\/\/pecs.hu\/en\/wp-json\/wp\/v2\/pages"}],"about":[{"href":"https:\/\/pecs.hu\/en\/wp-json\/wp\/v2\/types\/page"}],"author":[{"embeddable":true,"href":"https:\/\/pecs.hu\/en\/wp-json\/wp\/v2\/users\/13"}],"replies":[{"embeddable":true,"href":"https:\/\/pecs.hu\/en\/wp-json\/wp\/v2\/comments?post=33484"}],"version-history":[{"count":3,"href":"https:\/\/pecs.hu\/en\/wp-json\/wp\/v2\/pages\/33484\/revisions"}],"predecessor-version":[{"id":77690,"href":"https:\/\/pecs.hu\/en\/wp-json\/wp\/v2\/pages\/33484\/revisions\/77690"}],"wp:featuredmedia":[{"embeddable":true,"href":"https:\/\/pecs.hu\/en\/wp-json\/wp\/v2\/media\/66476"}],"wp:attachment":[{"href":"https:\/\/pecs.hu\/en\/wp-json\/wp\/v2\/media?parent=33484"}],"wp:term":[{"taxonomy":"usertype","embeddable":true,"href":"https:\/\/pecs.hu\/en\/wp-json\/wp\/v2\/usertype?post=33484"}],"curies":[{"name":"wp","href":"https:\/\/api.w.org\/{rel}","templated":true}]}}