{"id":33916,"date":"2022-12-12T13:21:00","date_gmt":"2022-12-12T12:21:00","guid":{"rendered":"https:\/\/pecs.hu\/?page_id=33916"},"modified":"2026-04-13T10:21:42","modified_gmt":"2026-04-13T08:21:42","slug":"tourist","status":"publish","type":"page","link":"https:\/\/pecs.hu\/en\/tourist\/","title":{"rendered":"I am a tourist"},"content":{"rendered":"<section id=\"carousel-2-col-image-large-and-title-block_6913640ff7720055b7de1962b668c8a7\"class=\"block block-carousel-2-col-image-large-and-title alignwide\" >\n  <h2 class=\"h1 block__title block__title--content-title\">P\u00c9CS IS JUST WAITING FOR YOU<\/h2>\n    <div class=\"carousel-large-images carousel image-title CarouselLargeImages\">\n                        <a href=\"https:\/\/pecs.hu\/en\/e78-zsolnay-cultural-district\/\" class=\"image-title__item\">\n  <img decoding=\"async\" src=\"https:\/\/pecs.hu\/app\/uploads\/2021\/08\/nevtelen-terv-1-1.png\" alt=\"\"\/>\n  <h3 class=\"block__title block__title--bg image-title__title h3\"><span>Zsolnay Cultural District<\/span><\/h3>\n<\/a>\n                              <a href=\"https:\/\/pecs.hu\/en\/cella-septichora-latogatokozpont-es-okereszteny-mauzoleum\/\" class=\"image-title__item\">\n  <img decoding=\"async\" src=\"https:\/\/pecs.hu\/app\/uploads\/2021\/08\/cella-septichora.jpeg\" alt=\"\"\/>\n  <h3 class=\"block__title block__title--bg image-title__title h3\"><span>Cella Septichora Visitor Centre, Early Christian Mausoleum<\/span><\/h3>\n<\/a>\n                              <a href=\"https:\/\/pecs.hu\/en\/csontvary-museum\/\" class=\"image-title__item\">\n  <img decoding=\"async\" src=\"https:\/\/pecs.hu\/app\/uploads\/2021\/08\/csontvary-muzeum-pecs.png\" alt=\"\"\/>\n  <h3 class=\"block__title block__title--bg image-title__title h3\"><span>Csontv\u00e1ry Museum<\/span><\/h3>\n<\/a>\n                              <a href=\"https:\/\/pecs.hu\/en\/flora-rest\/\" class=\"image-title__item\">\n  <img decoding=\"async\" src=\"https:\/\/pecs.hu\/app\/uploads\/2021\/08\/flora-piheno-pecs-1.png\" alt=\"\"\/>\n  <h3 class=\"block__title block__title--bg image-title__title h3\"><span>Fl\u00f3ra Rest<\/span><\/h3>\n<\/a>\n                              <a href=\"https:\/\/pecs.hu\/en\/szechenyi-ter-webkamera\/\" class=\"image-title__item\">\n  <img decoding=\"async\" src=\"https:\/\/pecs.hu\/app\/uploads\/2021\/11\/pecshu-webkamera.jpeg\" alt=\"\"\/>\n  <h3 class=\"block__title block__title--bg image-title__title h3\"><span>Live view of Sz\u00e9chenyi Square<\/span><\/h3>\n<\/a>\n            <\/div>\n<\/section>\n\n\n<section id=\"carousel-text-bottom-block_5ebbea92c4f8963ac3be2dc37a82d4be\"class=\"block block-carousel-text-bottom alignwide\" >\n  <h2 class=\"h1 block__title block__title--content-title\">HOW TO GET HERE<\/h2>\n\n    <div class=\" carousel-text carousel CarouselTextBottom\">\n                        <a class=\"carousel-text__item-bottom carousel-text__item carousel__item\" href=\"https:\/\/pecs.hu\/en\/pecs-munich-flight-the-details\/\"><picture class=\"carousel-text__picture-bottom carousel-text__picture\"><source media=\"(max-width: 767px)\" srcset=\"https:\/\/pecs.hu\/app\/uploads\/2026\/03\/1140_430_pecs-pogany-airport-2-360x360.png\"><img decoding=\"async\" src=\"https:\/\/pecs.hu\/app\/uploads\/2026\/03\/1140_430_pecs-pogany-airport-2.png\" alt=\"\"\/><\/picture> <h3 class=\"block__title block__title--bottom h4 h3-mobile\"><span>P\u00e9cs &#8211; Munich flight<\/span><\/h3><\/a>\n                              <a class=\"carousel-text__item-bottom carousel-text__item carousel__item\" href=\"https:\/\/pecs.hu\/en\/getting-to-pecs-by-train-or-bus\/\"><picture class=\"carousel-text__picture-bottom carousel-text__picture\"><source media=\"(max-width: 767px)\" srcset=\"https:\/\/pecs.hu\/app\/uploads\/2026\/03\/1140_430_MAV-train-bus-360x360.png\"><img decoding=\"async\" src=\"https:\/\/pecs.hu\/app\/uploads\/2026\/03\/1140_430_MAV-train-bus.png\" alt=\"\"\/><\/picture> <h3 class=\"block__title block__title--bottom h4 h3-mobile\"><span>By train or coach<\/span><\/h3><\/a>\n            <\/div>\n<\/section>\n\n\n<section id=\"carousel-text-bottom-block_3918b41429adcfb3b022ca8f2e5f37e8\"class=\"block block-carousel-text-bottom alignwide\" >\n  <h2 class=\"h1 block__title block__title--content-title\">SIGHTS<\/h2>\n\n    <div class=\" carousel-text carousel CarouselTextBottom\">\n                        <a class=\"carousel-text__item-bottom carousel-text__item carousel__item\" href=\"https:\/\/pecs.hu\/en\/puspoki-palota\/\"><picture class=\"carousel-text__picture-bottom carousel-text__picture\"><source media=\"(max-width: 767px)\" srcset=\"https:\/\/pecs.hu\/app\/uploads\/2021\/08\/pecs-puspoki-palota.jpg\"><img decoding=\"async\" src=\"https:\/\/pecs.hu\/app\/uploads\/2021\/08\/pecs-puspoki-palota.jpg\" alt=\"\"\/><\/picture> <h3 class=\"block__title block__title--bottom h4 h3-mobile\"><span>Episcopal Palace<\/span><\/h3><\/a>\n                              <a class=\"carousel-text__item-bottom carousel-text__item carousel__item\" href=\"https:\/\/pecs.hu\/en\/dome-lapidary\/\"><picture class=\"carousel-text__picture-bottom carousel-text__picture\"><source media=\"(max-width: 767px)\" srcset=\"https:\/\/pecs.hu\/app\/uploads\/2021\/08\/nevtelen-terv-30.png\"><img decoding=\"async\" src=\"https:\/\/pecs.hu\/app\/uploads\/2021\/08\/nevtelen-terv-30.png\" alt=\"\"\/><\/picture> <h3 class=\"block__title block__title--bottom h4 h3-mobile\"><span>Dome Lapidary<\/span><\/h3><\/a>\n                              <a class=\"carousel-text__item-bottom carousel-text__item carousel__item\" href=\"https:\/\/pecs.hu\/en\/vasarely-muzeum\/\"><picture class=\"carousel-text__picture-bottom carousel-text__picture\"><source media=\"(max-width: 767px)\" srcset=\"https:\/\/pecs.hu\/app\/uploads\/2021\/08\/nevtelen-terv-28-1.png\"><img decoding=\"async\" src=\"https:\/\/pecs.hu\/app\/uploads\/2021\/08\/nevtelen-terv-28-1.png\" alt=\"\"\/><\/picture> <h3 class=\"block__title block__title--bottom h4 h3-mobile\"><span>Vasarely Museum<\/span><\/h3><\/a>\n                              <a class=\"carousel-text__item-bottom carousel-text__item carousel__item\" href=\"https:\/\/pecs.hu\/en\/pecs-zoo\/\"><picture class=\"carousel-text__picture-bottom carousel-text__picture\"><source media=\"(max-width: 767px)\" srcset=\"https:\/\/pecs.hu\/app\/uploads\/2021\/08\/nevtelen-terv-24.png\"><img decoding=\"async\" src=\"https:\/\/pecs.hu\/app\/uploads\/2021\/08\/nevtelen-terv-24.png\" alt=\"\"\/><\/picture> <h3 class=\"block__title block__title--bottom h4 h3-mobile\"><span>P\u00e9cs Zoo<\/span><\/h3><\/a>\n                              <a class=\"carousel-text__item-bottom carousel-text__item carousel__item\" href=\"https:\/\/pecs.hu\/en\/pecs-tv-tower-lookout-and-restaurant\/\"><picture class=\"carousel-text__picture-bottom carousel-text__picture\"><source media=\"(max-width: 767px)\" srcset=\"https:\/\/pecs.hu\/app\/uploads\/2021\/08\/pecs-tv-torony.png\"><img decoding=\"async\" src=\"https:\/\/pecs.hu\/app\/uploads\/2021\/08\/pecs-tv-torony.png\" alt=\"\"\/><\/picture> <h3 class=\"block__title block__title--bottom h4 h3-mobile\"><span>P\u00e9cs TV Tower Lookout and Restaurant<\/span><\/h3><\/a>\n                              <a class=\"carousel-text__item-bottom carousel-text__item carousel__item\" href=\"https:\/\/pecs.hu\/en\/tettye-tufa-cave\/\"><picture class=\"carousel-text__picture-bottom carousel-text__picture\"><source media=\"(max-width: 767px)\" srcset=\"https:\/\/pecs.hu\/app\/uploads\/2021\/08\/mesztufa-barlang.jpg\"><img decoding=\"async\" src=\"https:\/\/pecs.hu\/app\/uploads\/2021\/08\/mesztufa-barlang.jpg\" alt=\"\"\/><\/picture> <h3 class=\"block__title block__title--bottom h4 h3-mobile\"><span>Tettye Tufa Cave<\/span><\/h3><\/a>\n                              <a class=\"carousel-text__item-bottom carousel-text__item carousel__item\" href=\"https:\/\/pecs.hu\/en\/littke-palace-pezsgopince\/\"><picture class=\"carousel-text__picture-bottom carousel-text__picture\"><source media=\"(max-width: 767px)\" srcset=\"https:\/\/pecs.hu\/app\/uploads\/2021\/08\/pezsgohaz.jpg\"><img decoding=\"async\" src=\"https:\/\/pecs.hu\/app\/uploads\/2021\/08\/pezsgohaz.jpg\" alt=\"\"\/><\/picture> <h3 class=\"block__title block__title--bottom h4 h3-mobile\"><span>Littke Palace Pezsg\u0151pince<\/span><\/h3><\/a>\n            <\/div>\n<\/section>\n\n\n<section id=\"carousel-text-bottom-block_e5f731b4267392783e4ec7b28e410e36\"class=\"block block-carousel-text-bottom alignwide\" >\n  <h2 class=\"h1 block__title block__title--content-title\">Top 10 Insta Friendly Space<\/h2>\n\n    <div class=\" carousel-text carousel CarouselTextBottom\">\n                        <a class=\"carousel-text__item-bottom carousel-text__item carousel__item\" href=\"https:\/\/pecs.hu\/en\/barbakan\/\"><picture class=\"carousel-text__picture-bottom carousel-text__picture\"><source media=\"(max-width: 767px)\" srcset=\"https:\/\/pecs.hu\/app\/uploads\/2021\/08\/barbakan-pecs-hu.jpg\"><img decoding=\"async\" src=\"https:\/\/pecs.hu\/app\/uploads\/2021\/08\/barbakan-pecs-hu.jpg\" alt=\"\"\/><\/picture> <h3 class=\"block__title block__title--bottom h4 h3-mobile\"><span>Barbican<\/span><\/h3><\/a>\n                              <a class=\"carousel-text__item-bottom carousel-text__item carousel__item\" href=\"https:\/\/pecs.hu\/en\/lookout-terrace-of-the-eight-happinesses\/\"><picture class=\"carousel-text__picture-bottom carousel-text__picture\"><source media=\"(max-width: 767px)\" srcset=\"https:\/\/pecs.hu\/app\/uploads\/2021\/08\/boldogsag-terasz-pecs.png\"><img decoding=\"async\" src=\"https:\/\/pecs.hu\/app\/uploads\/2021\/08\/boldogsag-terasz-pecs.png\" alt=\"\"\/><\/picture> <h3 class=\"block__title block__title--bottom h4 h3-mobile\"><span>Lookout terrace of the eight happinesses (Nyolc Boldogs\u00e1g Kil\u00e1t\u00f3terasz)<\/span><\/h3><\/a>\n                              <a class=\"carousel-text__item-bottom carousel-text__item carousel__item\" href=\"https:\/\/pecs.hu\/en\/church-of-our-lady-of-the-snows-pecs\/\"><picture class=\"carousel-text__picture-bottom carousel-text__picture\"><source media=\"(max-width: 767px)\" srcset=\"https:\/\/pecs.hu\/app\/uploads\/2021\/08\/havas-boldogasszony.jpg\"><img decoding=\"async\" src=\"https:\/\/pecs.hu\/app\/uploads\/2021\/08\/havas-boldogasszony.jpg\" alt=\"\"\/><\/picture> <h3 class=\"block__title block__title--bottom h4 h3-mobile\"><span>Church of Our Lady of the Snows P\u00e9cs<\/span><\/h3><\/a>\n                              <a class=\"carousel-text__item-bottom carousel-text__item carousel__item\" href=\"https:\/\/pecs.hu\/en\/szechenyi-ter\/\"><picture class=\"carousel-text__picture-bottom carousel-text__picture\"><source media=\"(max-width: 767px)\" srcset=\"https:\/\/pecs.hu\/app\/uploads\/2021\/08\/szechenyi-ter-pecs.png\"><img decoding=\"async\" src=\"https:\/\/pecs.hu\/app\/uploads\/2021\/08\/szechenyi-ter-pecs.png\" alt=\"\"\/><\/picture> <h3 class=\"block__title block__title--bottom h4 h3-mobile\"><span>Sz\u00e9chenyi square<\/span><\/h3><\/a>\n                              <a class=\"carousel-text__item-bottom carousel-text__item carousel__item\" href=\"https:\/\/pecs.hu\/en\/e78-zsolnay-cultural-district\/\"><picture class=\"carousel-text__picture-bottom carousel-text__picture\"><source media=\"(max-width: 767px)\" srcset=\"https:\/\/pecs.hu\/app\/uploads\/2021\/08\/nevtelen-terv-1-1.png\"><img decoding=\"async\" src=\"https:\/\/pecs.hu\/app\/uploads\/2021\/08\/nevtelen-terv-1-1.png\" alt=\"\"\/><\/picture> <h3 class=\"block__title block__title--bottom h4 h3-mobile\"><span>Zsolnay Cultural District<\/span><\/h3><\/a>\n                              <a class=\"carousel-text__item-bottom carousel-text__item carousel__item\" href=\"https:\/\/pecs.hu\/en\/pecs-cathedral\/\"><picture class=\"carousel-text__picture-bottom carousel-text__picture\"><source media=\"(max-width: 767px)\" srcset=\"https:\/\/pecs.hu\/app\/uploads\/2021\/08\/szent-peter-es-szent-pal-szekesegyhaz.png\"><img decoding=\"async\" src=\"https:\/\/pecs.hu\/app\/uploads\/2021\/08\/szent-peter-es-szent-pal-szekesegyhaz.png\" alt=\"\"\/><\/picture> <h3 class=\"block__title block__title--bottom h4 h3-mobile\"><span>P\u00e9cs Cathedral<\/span><\/h3><\/a>\n                              <a class=\"carousel-text__item-bottom carousel-text__item carousel__item\" href=\"https:\/\/pecs.hu\/en\/flora-rest\/\"><picture class=\"carousel-text__picture-bottom carousel-text__picture\"><source media=\"(max-width: 767px)\" srcset=\"https:\/\/pecs.hu\/app\/uploads\/2021\/08\/flora-piheno-pecs-1.png\"><img decoding=\"async\" src=\"https:\/\/pecs.hu\/app\/uploads\/2021\/08\/flora-piheno-pecs-1.png\" alt=\"\"\/><\/picture> <h3 class=\"block__title block__title--bottom h4 h3-mobile\"><span>Fl\u00f3ra Rest<\/span><\/h3><\/a>\n                              <a class=\"carousel-text__item-bottom carousel-text__item carousel__item\" href=\"https:\/\/pecs.hu\/en\/zsongor-stone\/\"><picture class=\"carousel-text__picture-bottom carousel-text__picture\"><source media=\"(max-width: 767px)\" srcset=\"https:\/\/pecs.hu\/app\/uploads\/2021\/08\/zsongorko.png\"><img decoding=\"async\" src=\"https:\/\/pecs.hu\/app\/uploads\/2021\/08\/zsongorko.png\" alt=\"\"\/><\/picture> <h3 class=\"block__title block__title--bottom h4 h3-mobile\"><span>Zsongor Stone<\/span><\/h3><\/a>\n            <\/div>\n<\/section>\n\n\n\n<div style=\"height:44px\" aria-hidden=\"true\" class=\"wp-block-spacer\"><\/div>\n\n\n\n<h1 class=\"wp-block-heading alignwide has-text-align-center\">MAKE P\u00c9CS-VILL\u00c1NY YOUR DESTINATION<\/h1>\n\n\n\n<p><\/p>\n\n\n\n<figure class=\"wp-block-embed is-type-video is-provider-youtube wp-block-embed-youtube wp-embed-aspect-16-9 wp-has-aspect-ratio\"><div class=\"wp-block-embed__wrapper\">\n<iframe loading=\"lazy\" title=\"WOW Hungary - P\u00e9cs region\" width=\"500\" height=\"281\" src=\"https:\/\/www.youtube.com\/embed\/fvH9heBbv7w?feature=oembed&#038;enablejsapi=1&#038;origin=https:\/\/pecs.hu\" frameborder=\"0\" allow=\"accelerometer; autoplay; clipboard-write; encrypted-media; gyroscope; picture-in-picture; web-share\" referrerpolicy=\"strict-origin-when-cross-origin\" allowfullscreen><\/iframe>\n<\/div><\/figure>\n","protected":false},"excerpt":{"rendered":"<p>MAKE P\u00c9CS-VILL\u00c1NY YOUR DESTINATION<\/p>\n","protected":false},"author":46,"featured_media":0,"parent":0,"menu_order":-1001,"comment_status":"closed","ping_status":"closed","template":"views\/front-page.blade.php","meta":{"_acf_changed":false,"footnotes":""},"usertype":[46],"class_list":["post-33916","page","type-page","status-publish","hentry","usertype-tourist","post-variant","post-variant--terracotta"],"acf":[],"publishpress_future_action":{"enabled":false,"date":"2026-04-20 16:18:21","action":"change-status","newStatus":"draft","terms":[],"taxonomy":"usertype","extraData":[]},"publishpress_future_workflow_manual_trigger":{"enabledWorkflows":[]},"_links":{"self":[{"href":"https:\/\/pecs.hu\/en\/wp-json\/wp\/v2\/pages\/33916","targetHints":{"allow":["GET"]}}],"collection":[{"href":"https:\/\/pecs.hu\/en\/wp-json\/wp\/v2\/pages"}],"about":[{"href":"https:\/\/pecs.hu\/en\/wp-json\/wp\/v2\/types\/page"}],"author":[{"embeddable":true,"href":"https:\/\/pecs.hu\/en\/wp-json\/wp\/v2\/users\/46"}],"replies":[{"embeddable":true,"href":"https:\/\/pecs.hu\/en\/wp-json\/wp\/v2\/comments?post=33916"}],"version-history":[{"count":2,"href":"https:\/\/pecs.hu\/en\/wp-json\/wp\/v2\/pages\/33916\/revisions"}],"predecessor-version":[{"id":81623,"href":"https:\/\/pecs.hu\/en\/wp-json\/wp\/v2\/pages\/33916\/revisions\/81623"}],"wp:attachment":[{"href":"https:\/\/pecs.hu\/en\/wp-json\/wp\/v2\/media?parent=33916"}],"wp:term":[{"taxonomy":"usertype","embeddable":true,"href":"https:\/\/pecs.hu\/en\/wp-json\/wp\/v2\/usertype?post=33916"}],"curies":[{"name":"wp","href":"https:\/\/api.w.org\/{rel}","templated":true}]}}